{"id":8,"date":"2022-07-13T15:16:37","date_gmt":"2022-07-13T13:16:37","guid":{"rendered":"http:\/\/befrdaq.cluster030.hosting.ovh.net\/b2e.37@outlook.fr\/index.php\/home\/"},"modified":"2025-10-17T11:43:01","modified_gmt":"2025-10-17T09:43:01","slug":"home","status":"publish","type":"page","link":"https:\/\/www.b2e37.fr\/","title":{"rendered":"Accueil"},"content":{"rendered":"\t\t<div data-elementor-type=\"wp-page\" data-elementor-id=\"8\" class=\"elementor elementor-8\">\n\t\t\t\t\t\t<section class=\"elementor-section elementor-top-section elementor-element elementor-element-5f1e570 elementor-section-boxed elementor-section-height-default elementor-section-height-default\" data-id=\"5f1e570\" data-element_type=\"section\" data-e-type=\"section\">\n\t\t\t\t\t\t<div class=\"elementor-container elementor-column-gap-default\">\n\t\t\t\t\t<div class=\"elementor-column elementor-col-50 elementor-top-column elementor-element elementor-element-597bef7\" data-id=\"597bef7\" data-element_type=\"column\" data-e-type=\"column\" data-settings=\"{&quot;background_background&quot;:&quot;classic&quot;}\">\n\t\t\t<div class=\"elementor-widget-wrap elementor-element-populated\">\n\t\t\t\t\t\t<div class=\"elementor-element elementor-element-4965a2d elementor-widget__width-initial elementor-widget elementor-widget-button\" data-id=\"4965a2d\" data-element_type=\"widget\" data-e-type=\"widget\" data-widget_type=\"button.default\">\n\t\t\t\t<div class=\"elementor-widget-container\">\n\t\t\t\t\t\t\t\t\t<div class=\"elementor-button-wrapper\">\n\t\t\t\t\t<a class=\"elementor-button elementor-button-link elementor-size-lg\" href=\"https:\/\/www.b2e37.fr\/index.php\/permis-de-construire-2\/\">\n\t\t\t\t\t\t<span class=\"elementor-button-content-wrapper\">\n\t\t\t\t\t\t\t\t\t<span class=\"elementor-button-text\">PERMIS DE CONSTRUIRE<\/span>\n\t\t\t\t\t<\/span>\n\t\t\t\t\t<\/a>\n\t\t\t\t<\/div>\n\t\t\t\t\t\t\t\t<\/div>\n\t\t\t\t<\/div>\n\t\t\t\t\t<\/div>\n\t\t<\/div>\n\t\t\t\t<div class=\"elementor-column elementor-col-50 elementor-top-column elementor-element elementor-element-7800324\" data-id=\"7800324\" data-element_type=\"column\" data-e-type=\"column\" data-settings=\"{&quot;background_background&quot;:&quot;classic&quot;}\">\n\t\t\t<div class=\"elementor-widget-wrap elementor-element-populated\">\n\t\t\t\t\t\t<div class=\"elementor-element elementor-element-c0da2ab elementor-widget__width-initial elementor-widget elementor-widget-button\" data-id=\"c0da2ab\" data-element_type=\"widget\" data-e-type=\"widget\" data-widget_type=\"button.default\">\n\t\t\t\t<div class=\"elementor-widget-container\">\n\t\t\t\t\t\t\t\t\t<div class=\"elementor-button-wrapper\">\n\t\t\t\t\t<a class=\"elementor-button elementor-button-link elementor-size-lg\" href=\"https:\/\/www.b2e37.fr\/index.php\/urbanisme\/\">\n\t\t\t\t\t\t<span class=\"elementor-button-content-wrapper\">\n\t\t\t\t\t\t\t\t\t<span class=\"elementor-button-text\">URBANISME      <\/span>\n\t\t\t\t\t<\/span>\n\t\t\t\t\t<\/a>\n\t\t\t\t<\/div>\n\t\t\t\t\t\t\t\t<\/div>\n\t\t\t\t<\/div>\n\t\t\t\t\t<\/div>\n\t\t<\/div>\n\t\t\t\t\t<\/div>\n\t\t<\/section>\n\t\t\t\t<section class=\"elementor-section elementor-top-section elementor-element elementor-element-63e4921 elementor-section-boxed elementor-section-height-default elementor-section-height-default\" data-id=\"63e4921\" data-element_type=\"section\" data-e-type=\"section\">\n\t\t\t\t\t\t<div class=\"elementor-container elementor-column-gap-default\">\n\t\t\t\t\t<div class=\"elementor-column elementor-col-50 elementor-top-column elementor-element elementor-element-4a7cd9d\" data-id=\"4a7cd9d\" data-element_type=\"column\" data-e-type=\"column\" data-settings=\"{&quot;background_background&quot;:&quot;classic&quot;}\">\n\t\t\t<div class=\"elementor-widget-wrap elementor-element-populated\">\n\t\t\t\t\t\t<div class=\"elementor-element elementor-element-bdeb6b2 elementor-widget elementor-widget-button\" data-id=\"bdeb6b2\" data-element_type=\"widget\" data-e-type=\"widget\" data-widget_type=\"button.default\">\n\t\t\t\t<div class=\"elementor-widget-container\">\n\t\t\t\t\t\t\t\t\t<div class=\"elementor-button-wrapper\">\n\t\t\t\t\t<a class=\"elementor-button elementor-button-link elementor-size-lg\" href=\"https:\/\/www.b2e37.fr\/index.php\/permis-de-construire\/\" target=\"_blank\">\n\t\t\t\t\t\t<span class=\"elementor-button-content-wrapper\">\n\t\t\t\t\t\t\t\t\t<span class=\"elementor-button-text\">ASSAINISSEMENT<\/span>\n\t\t\t\t\t<\/span>\n\t\t\t\t\t<\/a>\n\t\t\t\t<\/div>\n\t\t\t\t\t\t\t\t<\/div>\n\t\t\t\t<\/div>\n\t\t\t\t\t<\/div>\n\t\t<\/div>\n\t\t\t\t<div class=\"elementor-column elementor-col-50 elementor-top-column elementor-element elementor-element-eada4d0\" data-id=\"eada4d0\" data-element_type=\"column\" data-e-type=\"column\" data-settings=\"{&quot;background_background&quot;:&quot;classic&quot;}\">\n\t\t\t<div class=\"elementor-widget-wrap elementor-element-populated\">\n\t\t\t\t\t\t<div class=\"elementor-element elementor-element-c2a49b0 elementor-widget elementor-widget-button\" data-id=\"c2a49b0\" data-element_type=\"widget\" data-e-type=\"widget\" data-widget_type=\"button.default\">\n\t\t\t\t<div class=\"elementor-widget-container\">\n\t\t\t\t\t\t\t\t\t<div class=\"elementor-button-wrapper\">\n\t\t\t\t\t<a class=\"elementor-button elementor-button-link elementor-size-lg\" href=\"https:\/\/www.b2e37.fr\/index.php\/elementor-547\/\" target=\"_blank\">\n\t\t\t\t\t\t<span class=\"elementor-button-content-wrapper\">\n\t\t\t\t\t\t\t\t\t<span class=\"elementor-button-text\">MON METIER<\/span>\n\t\t\t\t\t<\/span>\n\t\t\t\t\t<\/a>\n\t\t\t\t<\/div>\n\t\t\t\t\t\t\t\t<\/div>\n\t\t\t\t<\/div>\n\t\t\t\t\t<\/div>\n\t\t<\/div>\n\t\t\t\t\t<\/div>\n\t\t<\/section>\n\t\t\t\t<section class=\"elementor-section elementor-top-section elementor-element elementor-element-7b47f6bb elementor-section-full_width elementor-section-height-min-height elementor-section-items-top elementor-section-content-top elementor-section-height-default\" data-id=\"7b47f6bb\" data-element_type=\"section\" data-e-type=\"section\" data-settings=\"{&quot;background_background&quot;:&quot;classic&quot;}\">\n\t\t\t\t\t\t\t<div class=\"elementor-background-overlay\"><\/div>\n\t\t\t\t\t\t\t<div class=\"elementor-container elementor-column-gap-default\">\n\t\t\t\t\t<div class=\"elementor-column elementor-col-100 elementor-top-column elementor-element elementor-element-394a659e\" data-id=\"394a659e\" data-element_type=\"column\" data-e-type=\"column\">\n\t\t\t<div class=\"elementor-widget-wrap elementor-element-populated\">\n\t\t\t\t\t\t<div class=\"elementor-element elementor-element-447b652e elementor-widget elementor-widget-heading\" data-id=\"447b652e\" data-element_type=\"widget\" data-e-type=\"widget\" data-widget_type=\"heading.default\">\n\t\t\t\t<div class=\"elementor-widget-container\">\n\t\t\t\t\t<h2 class=\"elementor-heading-title elementor-size-default\">b2e vous accompagne<\/h2>\t\t\t\t<\/div>\n\t\t\t\t<\/div>\n\t\t\t\t<section class=\"elementor-section elementor-inner-section elementor-element elementor-element-7d455fc3 elementor-section-boxed elementor-section-height-default elementor-section-height-default\" data-id=\"7d455fc3\" data-element_type=\"section\" data-e-type=\"section\">\n\t\t\t\t\t\t<div class=\"elementor-container elementor-column-gap-default\">\n\t\t\t\t\t<div class=\"elementor-column elementor-col-100 elementor-inner-column elementor-element elementor-element-127cce72\" data-id=\"127cce72\" data-element_type=\"column\" data-e-type=\"column\">\n\t\t\t<div class=\"elementor-widget-wrap elementor-element-populated\">\n\t\t\t\t\t\t<div class=\"elementor-element elementor-element-95c630e elementor-widget elementor-widget-image\" data-id=\"95c630e\" data-element_type=\"widget\" data-e-type=\"widget\" data-widget_type=\"image.default\">\n\t\t\t\t<div class=\"elementor-widget-container\">\n\t\t\t\t\t\t\t\t\t\t\t\t\t\t\t<img fetchpriority=\"high\" decoding=\"async\" width=\"300\" height=\"300\" src=\"https:\/\/www.b2e37.fr\/wp-content\/uploads\/2022\/07\/logo-court-300x300.png\" class=\"attachment-medium size-medium wp-image-110\" alt=\"\" srcset=\"https:\/\/www.b2e37.fr\/wp-content\/uploads\/2022\/07\/logo-court-300x300.png 300w, https:\/\/www.b2e37.fr\/wp-content\/uploads\/2022\/07\/logo-court-150x150.png 150w, https:\/\/www.b2e37.fr\/wp-content\/uploads\/2022\/07\/logo-court-768x768.png 768w, https:\/\/www.b2e37.fr\/wp-content\/uploads\/2022\/07\/logo-court.png 821w\" sizes=\"(max-width: 300px) 100vw, 300px\" \/>\t\t\t\t\t\t\t\t\t\t\t\t\t\t\t<\/div>\n\t\t\t\t<\/div>\n\t\t\t\t\t<\/div>\n\t\t<\/div>\n\t\t\t\t\t<\/div>\n\t\t<\/section>\n\t\t\t\t<div class=\"elementor-element elementor-element-658837a1 elementor-widget elementor-widget-spacer\" data-id=\"658837a1\" data-element_type=\"widget\" data-e-type=\"widget\" data-widget_type=\"spacer.default\">\n\t\t\t\t<div class=\"elementor-widget-container\">\n\t\t\t\t\t\t\t<div class=\"elementor-spacer\">\n\t\t\t<div class=\"elementor-spacer-inner\"><\/div>\n\t\t<\/div>\n\t\t\t\t\t\t<\/div>\n\t\t\t\t<\/div>\n\t\t\t\t<section class=\"elementor-section elementor-inner-section elementor-element elementor-element-736b8dd6 elementor-section-boxed elementor-section-height-default elementor-section-height-default\" data-id=\"736b8dd6\" data-element_type=\"section\" data-e-type=\"section\">\n\t\t\t\t\t\t<div class=\"elementor-container elementor-column-gap-default\">\n\t\t\t\t\t<div class=\"elementor-column elementor-col-33 elementor-inner-column elementor-element elementor-element-c106ce8\" data-id=\"c106ce8\" data-element_type=\"column\" data-e-type=\"column\" data-settings=\"{&quot;background_background&quot;:&quot;classic&quot;}\">\n\t\t\t<div class=\"elementor-widget-wrap elementor-element-populated\">\n\t\t\t\t\t\t<div class=\"elementor-element elementor-element-4a31ef63 elementor-view-stacked elementor-shape-circle elementor-widget elementor-widget-icon\" data-id=\"4a31ef63\" data-element_type=\"widget\" data-e-type=\"widget\" data-widget_type=\"icon.default\">\n\t\t\t\t<div class=\"elementor-widget-container\">\n\t\t\t\t\t\t\t<div class=\"elementor-icon-wrapper\">\n\t\t\t<div class=\"elementor-icon\">\n\t\t\t<i aria-hidden=\"true\" class=\"fas fa-house-user\"><\/i>\t\t\t<\/div>\n\t\t<\/div>\n\t\t\t\t\t\t<\/div>\n\t\t\t\t<\/div>\n\t\t\t\t<div class=\"elementor-element elementor-element-3cac4807 elementor-widget elementor-widget-spacer\" data-id=\"3cac4807\" data-element_type=\"widget\" data-e-type=\"widget\" data-widget_type=\"spacer.default\">\n\t\t\t\t<div class=\"elementor-widget-container\">\n\t\t\t\t\t\t\t<div class=\"elementor-spacer\">\n\t\t\t<div class=\"elementor-spacer-inner\"><\/div>\n\t\t<\/div>\n\t\t\t\t\t\t<\/div>\n\t\t\t\t<\/div>\n\t\t\t\t<div class=\"elementor-element elementor-element-7521ce03 elementor-widget elementor-widget-heading\" data-id=\"7521ce03\" data-element_type=\"widget\" data-e-type=\"widget\" data-widget_type=\"heading.default\">\n\t\t\t\t<div class=\"elementor-widget-container\">\n\t\t\t\t\t<h3 class=\"elementor-heading-title elementor-size-medium\">Am\u00e9nagement\nint\u00e9rieur \/ ext\u00e9rieur<\/h3>\t\t\t\t<\/div>\n\t\t\t\t<\/div>\n\t\t\t\t<div class=\"elementor-element elementor-element-1cc370dd elementor-widget elementor-widget-text-editor\" data-id=\"1cc370dd\" data-element_type=\"widget\" data-e-type=\"widget\" data-widget_type=\"text-editor.default\">\n\t\t\t\t<div class=\"elementor-widget-container\">\n\t\t\t\t\t\t\t\t\t<p>Quelque soit votre projet, je vous accompagne. Projet de r\u00e9novation, une extension ou bien am\u00e9nagement des ext\u00e9rieurs, je peux r\u00e9pondre \u00e0 vos attentes et \u00e0 vos envies. Je suis l\u00e0 pour vous, en concepteur d&rsquo;espace, afin de mod\u00e9liser et mettre en plan votre projet.<\/p>\t\t\t\t\t\t\t\t<\/div>\n\t\t\t\t<\/div>\n\t\t\t\t\t<\/div>\n\t\t<\/div>\n\t\t\t\t<div class=\"elementor-column elementor-col-33 elementor-inner-column elementor-element elementor-element-245f0f5c\" data-id=\"245f0f5c\" data-element_type=\"column\" data-e-type=\"column\" data-settings=\"{&quot;background_background&quot;:&quot;classic&quot;}\">\n\t\t\t<div class=\"elementor-widget-wrap elementor-element-populated\">\n\t\t\t\t\t\t<div class=\"elementor-element elementor-element-42f14e72 elementor-view-stacked elementor-shape-circle elementor-widget elementor-widget-icon\" data-id=\"42f14e72\" data-element_type=\"widget\" data-e-type=\"widget\" data-widget_type=\"icon.default\">\n\t\t\t\t<div class=\"elementor-widget-container\">\n\t\t\t\t\t\t\t<div class=\"elementor-icon-wrapper\">\n\t\t\t<div class=\"elementor-icon\">\n\t\t\t<svg xmlns=\"http:\/\/www.w3.org\/2000\/svg\" viewBox=\"0 0 64 64\"><g data-name=\"Layer 32\" id=\"Layer_32\"><path d=\"M60,7a1,1,0,0,0-1-1H13V2a1,1,0,0,0-1-1H8A7.009,7.009,0,0,0,1,8V50a7.009,7.009,0,0,0,7,7H31.622A17.978,17.978,0,0,0,60,35.072ZM49,27.464V19h9V32.584A17.979,17.979,0,0,0,49,27.464ZM27.464,41h-3.2l5.546-16H43v2.118A18.028,18.028,0,0,0,27.464,41ZM44,23H29.1a1,1,0,0,0-.946.673l-6.239,18A1,1,0,0,0,22.86,43h4.258A18.1,18.1,0,0,0,27,45H21.47a1,1,0,0,0-.945.672L17.289,55H14.405l7.57-21.812a1,1,0,0,0-.471-1.209L13,27.4V24.675l9.016,4.856a1,1,0,0,0,1.419-.552L30.711,8H33.6L29.546,19.672A1,1,0,0,0,30.49,21H44a1,1,0,0,0,1-1V8h2v6a1,1,0,0,0,1,1H58v2H48a1,1,0,0,0-1,1v9.118A18.1,18.1,0,0,0,45,27V24A1,1,0,0,0,44,23ZM35.711,8H43V19H31.9ZM58,13H49V8h9ZM28.6,8,21.931,27.213,13,22.4V8ZM3,8A5.006,5.006,0,0,1,8,3h3V43H8a6.973,6.973,0,0,0-5,2.111ZM3,50a5.006,5.006,0,0,1,5-5h4a1,1,0,0,0,1-1V29.674l6.807,3.663L12.289,55H8A5.006,5.006,0,0,1,3,50Zm16.405,5,2.777-8h4.936a17.878,17.878,0,0,0,2.926,8ZM45,61A16,16,0,1,1,61,45,16.019,16.019,0,0,1,45,61Z\"><\/path><path d=\"M44.359,33.231l-12,10A1,1,0,0,0,33,45h4v9a1,1,0,0,0,1,1H52a1,1,0,0,0,1-1V45h4a1,1,0,0,0,.641-1.769l-12-10A1,1,0,0,0,44.359,33.231ZM46,53H44V48h2Zm6-10a1,1,0,0,0-1,1v9H48V47a1,1,0,0,0-1-1H43a1,1,0,0,0-1,1v6H39V44a1,1,0,0,0-1-1H35.762L45,35.3,54.238,43Z\"><\/path><\/g><\/svg>\t\t\t<\/div>\n\t\t<\/div>\n\t\t\t\t\t\t<\/div>\n\t\t\t\t<\/div>\n\t\t\t\t<div class=\"elementor-element elementor-element-43bf3a75 elementor-widget elementor-widget-spacer\" data-id=\"43bf3a75\" data-element_type=\"widget\" data-e-type=\"widget\" data-widget_type=\"spacer.default\">\n\t\t\t\t<div class=\"elementor-widget-container\">\n\t\t\t\t\t\t\t<div class=\"elementor-spacer\">\n\t\t\t<div class=\"elementor-spacer-inner\"><\/div>\n\t\t<\/div>\n\t\t\t\t\t\t<\/div>\n\t\t\t\t<\/div>\n\t\t\t\t<div class=\"elementor-element elementor-element-54a149 elementor-widget elementor-widget-heading\" data-id=\"54a149\" data-element_type=\"widget\" data-e-type=\"widget\" data-widget_type=\"heading.default\">\n\t\t\t\t<div class=\"elementor-widget-container\">\n\t\t\t\t\t<h3 class=\"elementor-heading-title elementor-size-default\">les r\u00e8gles d'urbanisme<\/h3>\t\t\t\t<\/div>\n\t\t\t\t<\/div>\n\t\t\t\t<div class=\"elementor-element elementor-element-50ebae94 elementor-widget elementor-widget-text-editor\" data-id=\"50ebae94\" data-element_type=\"widget\" data-e-type=\"widget\" data-widget_type=\"text-editor.default\">\n\t\t\t\t<div class=\"elementor-widget-container\">\n\t\t\t\t\t\t\t\t\t<p>On vous accompagne et on vous informe des r\u00e8gles d&rsquo;urbanisme applicables dans la zone du projet (PPRI, PLU&#8230;).<\/p>\n<p>&#8211; Montage du dossier avec les pi\u00e8ces obligatoires pour r\u00e9ussir sa demande d&rsquo;autorisation d&rsquo;urbanisme : plan de masse, notice descriptive, int\u00e9gration visuelle, plan de coupe&#8230;<br>&#8211; Pour vos projets : am\u00e9nagement de combles, extension, construction maison, garage&#8230;<\/p>\t\t\t\t\t\t\t\t<\/div>\n\t\t\t\t<\/div>\n\t\t\t\t\t<\/div>\n\t\t<\/div>\n\t\t\t\t<div class=\"elementor-column elementor-col-33 elementor-inner-column elementor-element elementor-element-714cc3dc\" data-id=\"714cc3dc\" data-element_type=\"column\" data-e-type=\"column\" data-settings=\"{&quot;background_background&quot;:&quot;classic&quot;}\">\n\t\t\t<div class=\"elementor-widget-wrap elementor-element-populated\">\n\t\t\t\t\t\t<div class=\"elementor-element elementor-element-5bfad252 elementor-view-stacked elementor-shape-circle elementor-widget elementor-widget-icon\" data-id=\"5bfad252\" data-element_type=\"widget\" data-e-type=\"widget\" data-widget_type=\"icon.default\">\n\t\t\t\t<div class=\"elementor-widget-container\">\n\t\t\t\t\t\t\t<div class=\"elementor-icon-wrapper\">\n\t\t\t<div class=\"elementor-icon\">\n\t\t\t<svg xmlns=\"http:\/\/www.w3.org\/2000\/svg\" xmlns:xlink=\"http:\/\/www.w3.org\/1999\/xlink\" style=\"enable-background:new 0 0 512 512;\" viewBox=\"0 0 512 512\" xml:space=\"preserve\"><style type=\"text\/css\">\t.st0{fill:#16ADE1;}\t.st1{fill:#1B3954;}<\/style><g id=\"Layer_1\"><\/g><g id=\"Layer_2\"><g><g><g><path class=\"st1\" d=\"M443.94,296.47c-2.36,0-4.67-1.2-5.99-3.37c-12.52-20.61-32-35.97-54.86-43.25      c-3.68-1.17-5.72-5.11-4.55-8.79s5.11-5.72,8.79-4.54c26.08,8.31,48.3,25.82,62.57,49.32c2.01,3.3,0.96,7.61-2.35,9.62      C446.43,296.15,445.18,296.47,443.94,296.47z\"><\/path><\/g><g><path class=\"st1\" d=\"M126.79,275.81c-0.7,0-1.42-0.11-2.13-0.33c-29.99-9.55-54.88-31.41-68.29-59.97      c-1.64-3.5-0.14-7.67,3.36-9.31c3.5-1.65,7.67-0.14,9.31,3.36c11.76,25.04,33.58,44.21,59.87,52.58      c3.68,1.17,5.72,5.11,4.55,8.79C132.51,273.91,129.75,275.81,126.79,275.81z\"><\/path><\/g><g><path class=\"st1\" d=\"M353.02,296.48c-3.87,0-7-3.13-7-7V232.1H165.97v50.38h147.88c3.87,0,7,3.13,7,7s-3.13,7-7,7H158.97      c-3.87,0-7-3.13-7-7V225.1c0-3.87,3.13-7,7-7h194.05c3.87,0,7,3.13,7,7v64.38C360.02,293.34,356.89,296.48,353.02,296.48z\"><\/path><\/g><g><path class=\"st1\" d=\"M471.28,498.5H406.9c-3.87,0-7-3.13-7-7V367.78c0-3.87,3.13-7,7-7h64.38c3.87,0,7,3.13,7,7s-3.13,7-7,7      H413.9V484.5h50.38v-88.95c0-3.87,3.13-7,7-7s7,3.13,7,7v95.95C478.28,495.37,475.15,498.5,471.28,498.5z\"><\/path><\/g><g><path class=\"st1\" d=\"M104.18,99.23c-0.45,0-0.91-0.04-1.36-0.13c-0.45-0.09-0.89-0.23-1.31-0.4c-0.43-0.18-0.83-0.39-1.21-0.65      c-0.39-0.25-0.74-0.54-1.07-0.87c-0.32-0.32-0.61-0.68-0.87-1.06c-0.25-0.38-0.47-0.79-0.64-1.21c-0.18-0.42-0.31-0.86-0.4-1.31      s-0.14-0.91-0.14-1.37c0-0.45,0.05-0.91,0.14-1.36c0.09-0.45,0.22-0.89,0.4-1.31c0.17-0.43,0.39-0.83,0.64-1.21      c0.26-0.39,0.55-0.74,0.87-1.07c0.33-0.32,0.68-0.61,1.07-0.87c0.38-0.25,0.78-0.47,1.21-0.64c0.42-0.17,0.86-0.31,1.3-0.4      c0.91-0.18,1.84-0.18,2.74,0c0.45,0.09,0.89,0.23,1.31,0.4s0.83,0.39,1.21,0.64c0.38,0.26,0.74,0.55,1.06,0.87      c0.33,0.33,0.62,0.68,0.87,1.07c0.26,0.38,0.47,0.78,0.65,1.21c0.17,0.42,0.31,0.86,0.4,1.31c0.09,0.45,0.13,0.91,0.13,1.36      c0,0.46-0.04,0.92-0.13,1.37s-0.23,0.89-0.4,1.31c-0.18,0.42-0.39,0.83-0.65,1.21c-0.25,0.38-0.54,0.74-0.87,1.06      c-0.32,0.33-0.68,0.62-1.06,0.87c-0.38,0.26-0.79,0.47-1.21,0.65c-0.42,0.17-0.86,0.31-1.31,0.4      C105.1,99.19,104.64,99.23,104.18,99.23z\"><\/path><\/g><g><path class=\"st1\" d=\"M104.18,151.22H39.8c-3.87,0-7-3.13-7-7V20.5c0-3.87,3.13-7,7-7h64.38c3.87,0,7,3.13,7,7v51.31      c0,3.87-3.13,7-7,7s-7-3.13-7-7V27.5H46.8v109.72h50.38v-22.86c0-3.87,3.13-7,7-7s7,3.13,7,7v29.86      C111.18,148.09,108.05,151.22,104.18,151.22z\"><\/path><\/g><g><path class=\"st0\" d=\"M491.5,374.78H388.97c-3.87,0-7-3.13-7-7V344.5c0-15.96-12.98-28.95-28.94-28.95c-3.87,0-7-3.13-7-7V206.02      c0-3.87,3.13-7,7-7c80.21,0,145.47,65.26,145.47,145.47v23.28C498.5,371.65,495.37,374.78,491.5,374.78z M395.97,360.78h88.53      V344.5c0-70.15-55.22-127.64-124.47-131.29v88.92c20.36,3.35,35.94,21.08,35.94,42.38V360.78z\"><\/path><\/g><g><path class=\"st0\" d=\"M158.97,312.98c-31.51,0-61.51-9.95-86.77-28.78c-3.1-2.31-3.74-6.7-1.43-9.8c2.31-3.1,6.7-3.74,9.8-1.43      c20.94,15.61,45.5,24.47,71.4,25.82v-88.92c-20.36-3.35-35.94-21.08-35.94-42.38v-16.28H27.5v16.28      c0,27.55,8.47,53.94,24.49,76.33c2.25,3.14,1.53,7.52-1.62,9.77c-3.14,2.25-7.52,1.53-9.77-1.62      c-17.73-24.78-27.1-53.99-27.1-84.47v-23.28c0-3.87,3.13-7,7-7h102.53c3.87,0,7,3.13,7,7v23.28c0,15.96,12.98,28.95,28.94,28.95      c3.87,0,7,3.13,7,7v102.53C165.97,309.84,162.84,312.98,158.97,312.98z\"><\/path><\/g><\/g><\/g><\/g><\/svg>\t\t\t<\/div>\n\t\t<\/div>\n\t\t\t\t\t\t<\/div>\n\t\t\t\t<\/div>\n\t\t\t\t<div class=\"elementor-element elementor-element-15cc38c0 elementor-widget elementor-widget-spacer\" data-id=\"15cc38c0\" data-element_type=\"widget\" data-e-type=\"widget\" data-widget_type=\"spacer.default\">\n\t\t\t\t<div class=\"elementor-widget-container\">\n\t\t\t\t\t\t\t<div class=\"elementor-spacer\">\n\t\t\t<div class=\"elementor-spacer-inner\"><\/div>\n\t\t<\/div>\n\t\t\t\t\t\t<\/div>\n\t\t\t\t<\/div>\n\t\t\t\t<div class=\"elementor-element elementor-element-13cc9564 elementor-widget elementor-widget-heading\" data-id=\"13cc9564\" data-element_type=\"widget\" data-e-type=\"widget\" data-widget_type=\"heading.default\">\n\t\t\t\t<div class=\"elementor-widget-container\">\n\t\t\t\t\t<h3 class=\"elementor-heading-title elementor-size-default\">l'assainissement<\/h3>\t\t\t\t<\/div>\n\t\t\t\t<\/div>\n\t\t\t\t<div class=\"elementor-element elementor-element-efd3936 elementor-widget elementor-widget-text-editor\" data-id=\"efd3936\" data-element_type=\"widget\" data-e-type=\"widget\" data-widget_type=\"text-editor.default\">\n\t\t\t\t<div class=\"elementor-widget-container\">\n\t\t\t\t\t\t\t\t\t<p>Votre habitation ne poss\u00e8de pas d&rsquo;assainissement ou poss\u00e8de une installation non conforme?<br \/>Il vous faut installer un syst\u00e8me d&rsquo;assainissement autonome de vos eaux us\u00e9es ?<\/p><p>R\u00e9alisation d&rsquo;\u00e9tude de fili\u00e8re : <br \/>&#8211; Montage du dossier avec les pi\u00e8ces obligatoires pour r\u00e9ussir sa demande : plan du syst\u00e8me \u00e0 mettre en place, fiche technique\u2026<\/p>\t\t\t\t\t\t\t\t<\/div>\n\t\t\t\t<\/div>\n\t\t\t\t\t<\/div>\n\t\t<\/div>\n\t\t\t\t\t<\/div>\n\t\t<\/section>\n\t\t\t\t\t<\/div>\n\t\t<\/div>\n\t\t\t\t\t<\/div>\n\t\t<\/section>\n\t\t\t\t<\/div>\n\t\t","protected":false},"excerpt":{"rendered":"<p>PERMIS DE CONSTRUIRE URBANISME ASSAINISSEMENT MON METIER b2e vous accompagne Am\u00e9nagement int\u00e9rieur \/ ext\u00e9rieur Quelque soit votre projet, je vous accompagne. Projet de r\u00e9novation, une extension ou bien am\u00e9nagement des ext\u00e9rieurs, je peux r\u00e9pondre \u00e0 vos attentes et \u00e0 vos envies. Je suis l\u00e0 pour vous, en concepteur d&rsquo;espace, afin de mod\u00e9liser et mettre en [&hellip;]<\/p>\n","protected":false},"author":1,"featured_media":0,"parent":0,"menu_order":0,"comment_status":"closed","ping_status":"closed","template":"","meta":{"_uag_custom_page_level_css":"","footnotes":""},"class_list":["post-8","page","type-page","status-publish","hentry"],"uagb_featured_image_src":{"full":false,"thumbnail":false,"medium":false,"medium_large":false,"large":false,"1536x1536":false,"2048x2048":false},"uagb_author_info":{"display_name":"admin5602","author_link":"https:\/\/www.b2e37.fr\/index.php\/author\/admin5602\/"},"uagb_comment_info":0,"uagb_excerpt":"PERMIS DE CONSTRUIRE URBANISME ASSAINISSEMENT MON METIER b2e vous accompagne Am\u00e9nagement int\u00e9rieur \/ ext\u00e9rieur Quelque soit votre projet, je vous accompagne. Projet de r\u00e9novation, une extension ou bien am\u00e9nagement des ext\u00e9rieurs, je peux r\u00e9pondre \u00e0 vos attentes et \u00e0 vos envies. Je suis l\u00e0 pour vous, en concepteur d&rsquo;espace, afin de mod\u00e9liser et mettre en\u2026","_links":{"self":[{"href":"https:\/\/www.b2e37.fr\/index.php\/wp-json\/wp\/v2\/pages\/8","targetHints":{"allow":["GET"]}}],"collection":[{"href":"https:\/\/www.b2e37.fr\/index.php\/wp-json\/wp\/v2\/pages"}],"about":[{"href":"https:\/\/www.b2e37.fr\/index.php\/wp-json\/wp\/v2\/types\/page"}],"author":[{"embeddable":true,"href":"https:\/\/www.b2e37.fr\/index.php\/wp-json\/wp\/v2\/users\/1"}],"replies":[{"embeddable":true,"href":"https:\/\/www.b2e37.fr\/index.php\/wp-json\/wp\/v2\/comments?post=8"}],"version-history":[{"count":104,"href":"https:\/\/www.b2e37.fr\/index.php\/wp-json\/wp\/v2\/pages\/8\/revisions"}],"predecessor-version":[{"id":842,"href":"https:\/\/www.b2e37.fr\/index.php\/wp-json\/wp\/v2\/pages\/8\/revisions\/842"}],"wp:attachment":[{"href":"https:\/\/www.b2e37.fr\/index.php\/wp-json\/wp\/v2\/media?parent=8"}],"curies":[{"name":"wp","href":"https:\/\/api.w.org\/{rel}","templated":true}]}}